{"id":1167,"date":"2022-10-05T02:24:47","date_gmt":"2022-10-05T02:24:47","guid":{"rendered":"https:\/\/vosio.wealcoder.com\/?page_id=16"},"modified":"2024-05-13T19:23:55","modified_gmt":"2024-05-13T22:23:55","slug":"home-01-2","status":"publish","type":"page","link":"https:\/\/itsy.yescomunica.com.br\/?page_id=1167","title":{"rendered":"Home 01"},"content":{"rendered":"\t\t<div data-elementor-type=\"wp-page\" data-elementor-id=\"1167\" class=\"elementor elementor-1167\" data-elementor-post-type=\"page\">\n\t\t\t\t\t\t<section class=\"elementor-section elementor-top-section elementor-element elementor-element-dc8f8cd elementor-section-full_width elementor-section-height-default elementor-section-height-default\" data-id=\"dc8f8cd\" data-element_type=\"section\">\n\t\t\t\t\t\t<div class=\"elementor-container elementor-column-gap-default\">\n\t\t\t\t\t<div class=\"elementor-column elementor-col-100 elementor-top-column elementor-element elementor-element-fcde657\" data-id=\"fcde657\" data-element_type=\"column\">\n\t\t\t<div class=\"elementor-widget-wrap elementor-element-populated\">\n\t\t\t\t\t\t<div class=\"elementor-element elementor-element-9c4c9ba elementor-widget elementor-widget-vosio_banner_v1\" data-id=\"9c4c9ba\" data-element_type=\"widget\" data-widget_type=\"vosio_banner_v1.default\">\n\t\t\t\t<div class=\"elementor-widget-container\">\n\t\t\t\r\n\t\t<!-- Banner Section -->\r\n\t\t<section class=\"banner-section\">\r\n\r\n\t\t\t<div class=\"banner-container\">\r\n\t\t\t\t<div class=\"banner-slider owl-theme owl-carousel\">\r\n\t\t\t\t\t\t\t\t\t\t\t<!--Slide Item-->\r\n\t\t\t\t\t\t<div class=\"slide-item\">\r\n\r\n\r\n\t\t\t\t\t\t\t\t\t\t\t\t\t\t\t<div\r\n\t\t\t\t\t\t\t\t\tclass=\"image-layer\"  style=\"background-image: url(https:\/\/itsy.yescomunica.com.br\/wp-content\/uploads\/2024\/05\/154421.jpg);\"><\/div>\r\n\t\t\t\t\t\t\t\r\n\t\t\t\t\t\t\t<div class=\"slide-bar\"><\/div>\r\n\t\t\t\t\t\t\t<div class=\"slide-count\"><span>01<\/span><\/div>\r\n\t\t\t\t\t\t\t<div class=\"auto-container\">\r\n\t\t\t\t\t\t\t\t<div class=\"content-box\">\r\n\t\t\t\t\t\t\t\t\t<div class=\"content\">\r\n\t\t\t\t\t\t\t\t\t\t<div class=\"inner\">\r\n\t\t\t\t\t\t\t\t\t\t\t<h1><span>Um passo a Frente. <span>SEMPRE!<\/span><\/span><\/h1>\r\n\t\t\t\t\t\t\t\t\t\t\t<div class=\"text\"><\/div>\r\n\t\t\t\t\t\t\t\t\t\t\t\t\t\t\t\t\t\t\t\t\t<\/div>\r\n\t\t\t\t\t\t\t\t\t<\/div>\r\n\t\t\t\t\t\t\t\t<\/div>\r\n\t\t\t\t\t\t\t<\/div>\r\n\t\t\t\t\t\t<\/div>\r\n\t\t\t\t\t\t\t\t\t\t\t\t<!--Slide Item-->\r\n\t\t\t\t\t\t<div class=\"slide-item\">\r\n\r\n\r\n\t\t\t\t\t\t\t\t\t\t\t\t\t\t\t<div\r\n\t\t\t\t\t\t\t\t\tclass=\"image-layer\"  style=\"background-image: url(https:\/\/itsy.yescomunica.com.br\/wp-content\/uploads\/2024\/05\/two-hand-holding-simple-shield-protect-validate-real-estate-concept.jpg);\"><\/div>\r\n\t\t\t\t\t\t\t\r\n\t\t\t\t\t\t\t<div class=\"slide-bar\"><\/div>\r\n\t\t\t\t\t\t\t<div class=\"slide-count\"><span>02<\/span><\/div>\r\n\t\t\t\t\t\t\t<div class=\"auto-container\">\r\n\t\t\t\t\t\t\t\t<div class=\"content-box\">\r\n\t\t\t\t\t\t\t\t\t<div class=\"content\">\r\n\t\t\t\t\t\t\t\t\t\t<div class=\"inner\">\r\n\t\t\t\t\t\t\t\t\t\t\t<h1><span>Fam\u00edlia Segura. Futuro Seguro.<\/span><\/span><\/h1>\r\n\t\t\t\t\t\t\t\t\t\t\t<div class=\"text\"><\/div>\r\n\t\t\t\t\t\t\t\t\t\t\t\t\t\t\t\t\t\t\t\t\t<\/div>\r\n\t\t\t\t\t\t\t\t\t<\/div>\r\n\t\t\t\t\t\t\t\t<\/div>\r\n\t\t\t\t\t\t\t<\/div>\r\n\t\t\t\t\t\t<\/div>\r\n\t\t\t\t\t\t\t\t\t\t\t\t<!--Slide Item-->\r\n\t\t\t\t\t\t<div class=\"slide-item\">\r\n\r\n\r\n\t\t\t\t\t\t\t\t\t\t\t\t\t\t\t<div\r\n\t\t\t\t\t\t\t\t\tclass=\"image-layer\"  style=\"background-image: url(https:\/\/itsy.yescomunica.com.br\/wp-content\/uploads\/2024\/05\/techenhanced-farming-efficiency.jpg);\"><\/div>\r\n\t\t\t\t\t\t\t\r\n\t\t\t\t\t\t\t<div class=\"slide-bar\"><\/div>\r\n\t\t\t\t\t\t\t<div class=\"slide-count\"><span>03<\/span><\/div>\r\n\t\t\t\t\t\t\t<div class=\"auto-container\">\r\n\t\t\t\t\t\t\t\t<div class=\"content-box\">\r\n\t\t\t\t\t\t\t\t\t<div class=\"content\">\r\n\t\t\t\t\t\t\t\t\t\t<div class=\"inner\">\r\n\t\t\t\t\t\t\t\t\t\t\t<h1><span>Inova\u00e7\u00e3o que cresce <span>com voc\u00ea!<\/span><\/span><\/h1>\r\n\t\t\t\t\t\t\t\t\t\t\t<div class=\"text\"><\/div>\r\n\t\t\t\t\t\t\t\t\t\t\t\t\t\t\t\t\t\t\t\t\t\t\t<div class=\"links-box clearfix\">\r\n\t\t\t\t\t\t\t\t\t\t\t\t\t<div class=\"link\"><a\r\n\t\t\t\t\t\t\t\t\t\t\t\t\t\t\thref=\"https:\/\/vosio.wealcoder.com\/service-v-2\/\"\r\n\t\t\t\t\t\t\t\t\t\t\t\t\t\t\tclass=\"theme-btn btn-style-one\"><span>Explore Service<i\r\n\t\t\t\t\t\t\t\t\t\t\t\t\t\t\t\t\tclass=\"icon fa fa-arrow-right\"><\/i><\/span><\/a><\/div>\r\n\t\t\t\t\t\t\t\t\t\t\t\t<\/div>\r\n\t\t\t\t\t\t\t\t\t\t\t\t\t\t\t\t\t\t\t\t\t<\/div>\r\n\t\t\t\t\t\t\t\t\t<\/div>\r\n\t\t\t\t\t\t\t\t<\/div>\r\n\t\t\t\t\t\t\t<\/div>\r\n\t\t\t\t\t\t<\/div>\r\n\t\t\t\t\t\t\t\t\t\t<\/div>\r\n\t\t\t<\/div>\r\n\t\t<\/section>\r\n\t\t<!--End Banner Section -->\r\n\r\n\t\t\t\t<\/div>\n\t\t\t\t<\/div>\n\t\t\t\t\t<\/div>\n\t\t<\/div>\n\t\t\t\t\t<\/div>\n\t\t<\/section>\n\t\t\t\t<\/div>\n\t\t","protected":false},"excerpt":{"rendered":"<p>01 Um passo a Frente. SEMPRE! 02 Fam\u00edlia Segura. Futuro Seguro. 03 Inova\u00e7\u00e3o que cresce com voc\u00ea! Explore Service<\/p>\n","protected":false},"author":1,"featured_media":0,"parent":0,"menu_order":0,"comment_status":"closed","ping_status":"closed","template":"elementor_header_footer","meta":{"footnotes":""},"_links":{"self":[{"href":"https:\/\/itsy.yescomunica.com.br\/index.php?rest_route=\/wp\/v2\/pages\/1167"}],"collection":[{"href":"https:\/\/itsy.yescomunica.com.br\/index.php?rest_route=\/wp\/v2\/pages"}],"about":[{"href":"https:\/\/itsy.yescomunica.com.br\/index.php?rest_route=\/wp\/v2\/types\/page"}],"author":[{"embeddable":true,"href":"https:\/\/itsy.yescomunica.com.br\/index.php?rest_route=\/wp\/v2\/users\/1"}],"replies":[{"embeddable":true,"href":"https:\/\/itsy.yescomunica.com.br\/index.php?rest_route=%2Fwp%2Fv2%2Fcomments&post=1167"}],"version-history":[{"count":43,"href":"https:\/\/itsy.yescomunica.com.br\/index.php?rest_route=\/wp\/v2\/pages\/1167\/revisions"}],"predecessor-version":[{"id":1239,"href":"https:\/\/itsy.yescomunica.com.br\/index.php?rest_route=\/wp\/v2\/pages\/1167\/revisions\/1239"}],"wp:attachment":[{"href":"https:\/\/itsy.yescomunica.com.br\/index.php?rest_route=%2Fwp%2Fv2%2Fmedia&parent=1167"}],"curies":[{"name":"wp","href":"https:\/\/api.w.org\/{rel}","templated":true}]}}